{"id":551,"date":"2025-05-12T15:12:13","date_gmt":"2025-05-12T14:12:13","guid":{"rendered":"https:\/\/alessandra.hr\/?post_type=product&#038;p=551"},"modified":"2025-05-19T07:29:02","modified_gmt":"2025-05-19T06:29:02","slug":"rudolf-kammer-porculanska-vaza","status":"publish","type":"product","link":"https:\/\/alessandra.hr\/index.php\/proizvod\/rudolf-kammer-porculanska-vaza\/","title":{"rendered":"Rudolf Kammer porculanska vaza"},"content":{"rendered":"<p>Rudolf Kammer &#8211; Kaiser porculan vaza<\/p>\n<ul>\n<li class=\"\" data-start=\"253\" data-end=\"394\">\n<p class=\"\" data-start=\"255\" data-end=\"394\"><strong data-start=\"255\" data-end=\"278\">Plava i bijela vaza<\/strong> : Duboka kobaltno plava i bijela boja sa zamr\u0161enom zlatnom pozlatom tipi\u010dna je za visokokvalitetni europski porculan.<\/p>\n<\/li>\n<li class=\"\" data-start=\"395\" data-end=\"534\">\n<p class=\"\" data-start=\"397\" data-end=\"534\"><strong data-start=\"397\" data-end=\"414\">Cvjetni motivi<\/strong> : Ru\u010dno oslikane ru\u017ee i drugo cvije\u0107e za\u0161titni su znak dekorativnog porculana, posebno iz regija poput Bavarske.<\/p>\n<\/li>\n<li class=\"\" data-start=\"535\" data-end=\"655\">\n<p class=\"\" data-start=\"537\" data-end=\"655\"><strong data-start=\"537\" data-end=\"556\">Elegantne ru\u010dke: <\/strong><span class=\"_fadeIn_4f9by_7\">ru\u010dke <\/span><span class=\"_fadeIn_4f9by_7\">u <\/span><span class=\"_fadeIn_4f9by_7\">obliku <\/span><span class=\"_fadeIn_4f9by_7\">su <\/span><span class=\"_fadeIn_4f9by_7\">i <\/span><span class=\"_fadeIn_4f9by_7\">funkcionalne <\/span><span class=\"_fadeIn_4f9by_7\">i <\/span><span class=\"_fadeIn_4f9by_7\">ukrasne, <\/span><span class=\"_fadeIn_4f9by_7\">pobolj\u0161avaju\u0107i <\/span><span class=\"_fadeIn_4f9by_7\">estetiku <\/span><span class=\"_fadeIn_4f9by_7\">vaze <\/span><span class=\"_fadeIn_4f9by_7\">.<\/span>Zakrivljene ru\u010dke u obliku labuda su i funkcionalne i ukrasne, pobolj\u0161avaju\u0107i estetiku vaze.<\/p>\n<\/li>\n<\/ul>\n","protected":false},"excerpt":{"rendered":"<p>Rudolf Kammer &#8211; Kaiser porculan vaza<\/p>\n<ul>\n<li class=\"\" data-start=\"253\" data-end=\"394\">\n<p class=\"\" data-start=\"255\" data-end=\"394\"><strong data-start=\"255\" data-end=\"278\">Plava i bijela vaza<\/strong> : Duboka kobaltno plava i bijela boja sa zamr\u0161enom zlatnom pozlatom tipi\u010dna je za visokokvalitetni europski porculan.<\/p>\n<\/li>\n<li class=\"\" data-start=\"395\" data-end=\"534\">\n<p class=\"\" data-start=\"397\" data-end=\"534\"><strong data-start=\"397\" data-end=\"414\">Cvjetni motivi<\/strong> : Ru\u010dno oslikane ru\u017ee i drugo cvije\u0107e za\u0161titni su znak dekorativnog porculana, posebno iz regija poput Bavarske.<\/p>\n<\/li>\n<li class=\"\" data-start=\"535\" data-end=\"655\">\n<p class=\"\" data-start=\"537\" data-end=\"655\"><strong data-start=\"537\" data-end=\"556\">Elegantne ru\u010dke: <\/strong><span class=\"_fadeIn_4f9by_7\">ru\u010dke <\/span><span class=\"_fadeIn_4f9by_7\">u <\/span><span class=\"_fadeIn_4f9by_7\">obliku <\/span><span class=\"_fadeIn_4f9by_7\">su <\/span><span class=\"_fadeIn_4f9by_7\">i <\/span><span class=\"_fadeIn_4f9by_7\">funkcionalne <\/span><span class=\"_fadeIn_4f9by_7\">i <\/span><span class=\"_fadeIn_4f9by_7\">ukrasne, <\/span><span class=\"_fadeIn_4f9by_7\">pobolj\u0161avaju\u0107i <\/span><span class=\"_fadeIn_4f9by_7\">estetiku <\/span><span class=\"_fadeIn_4f9by_7\">vaze <\/span><span class=\"_fadeIn_4f9by_7\">.<\/span>Zakrivljene ru\u010dke u obliku labuda su i funkcionalne i ukrasne, pobolj\u0161avaju\u0107i estetiku vaze.<\/p>\n<\/li>\n<\/ul>\n","protected":false},"featured_media":552,"template":"","meta":[],"product_brand":[],"product_cat":[39],"product_tag":[],"class_list":{"0":"post-551","1":"product","2":"type-product","3":"status-publish","4":"has-post-thumbnail","6":"product_cat-porculan","8":"first","9":"instock","10":"purchasable","11":"product-type-simple"},"jetpack_sharing_enabled":true,"_links":{"self":[{"href":"https:\/\/alessandra.hr\/index.php\/wp-json\/wp\/v2\/product\/551","targetHints":{"allow":["GET"]}}],"collection":[{"href":"https:\/\/alessandra.hr\/index.php\/wp-json\/wp\/v2\/product"}],"about":[{"href":"https:\/\/alessandra.hr\/index.php\/wp-json\/wp\/v2\/types\/product"}],"wp:featuredmedia":[{"embeddable":true,"href":"https:\/\/alessandra.hr\/index.php\/wp-json\/wp\/v2\/media\/552"}],"wp:attachment":[{"href":"https:\/\/alessandra.hr\/index.php\/wp-json\/wp\/v2\/media?parent=551"}],"wp:term":[{"taxonomy":"product_brand","embeddable":true,"href":"https:\/\/alessandra.hr\/index.php\/wp-json\/wp\/v2\/product_brand?post=551"},{"taxonomy":"product_cat","embeddable":true,"href":"https:\/\/alessandra.hr\/index.php\/wp-json\/wp\/v2\/product_cat?post=551"},{"taxonomy":"product_tag","embeddable":true,"href":"https:\/\/alessandra.hr\/index.php\/wp-json\/wp\/v2\/product_tag?post=551"}],"curies":[{"name":"wp","href":"https:\/\/api.w.org\/{rel}","templated":true}]}}