{"id":537,"date":"2025-05-12T14:17:55","date_gmt":"2025-05-12T13:17:55","guid":{"rendered":"https:\/\/alessandra.hr\/?post_type=product&#038;p=537"},"modified":"2025-05-12T14:17:55","modified_gmt":"2025-05-12T13:17:55","slug":"a-lanternier-limoges-salica","status":"publish","type":"product","link":"https:\/\/alessandra.hr\/index.php\/proizvod\/a-lanternier-limoges-salica\/","title":{"rendered":"A.Lanternier Limoges \u0161alica"},"content":{"rendered":"<p>Porculanska \u0161alica marke A. Lanternier Limoges predstavljaju vrhunski primjer francuskog porculana iz regije Limoges, poznate po svojoj bogatoj povijesti proizvodnje finog porculana.<\/p>\n<p>Proizvedena izme\u0111u 1891.i 1914.godine,ova \u0161alica odra\u017eava eleganciju i sofisticiranost tog razdoblja.<\/p>\n","protected":false},"excerpt":{"rendered":"<p>Porculanska \u0161alica marke A. Lanternier Limoges predstavljaju vrhunski primjer francuskog porculana iz regije Limoges, poznate po svojoj bogatoj povijesti proizvodnje finog porculana.<\/p>\n<p>Proizvedena izme\u0111u 1891.i 1914.godine,ova \u0161alica odra\u017eava eleganciju i sofisticiranost tog razdoblja.<\/p>\n","protected":false},"featured_media":538,"template":"","meta":[],"product_brand":[],"product_cat":[39],"product_tag":[],"class_list":{"0":"post-537","1":"product","2":"type-product","3":"status-publish","4":"has-post-thumbnail","6":"product_cat-porculan","8":"first","9":"instock","10":"purchasable","11":"product-type-simple"},"jetpack_sharing_enabled":true,"_links":{"self":[{"href":"https:\/\/alessandra.hr\/index.php\/wp-json\/wp\/v2\/product\/537","targetHints":{"allow":["GET"]}}],"collection":[{"href":"https:\/\/alessandra.hr\/index.php\/wp-json\/wp\/v2\/product"}],"about":[{"href":"https:\/\/alessandra.hr\/index.php\/wp-json\/wp\/v2\/types\/product"}],"wp:featuredmedia":[{"embeddable":true,"href":"https:\/\/alessandra.hr\/index.php\/wp-json\/wp\/v2\/media\/538"}],"wp:attachment":[{"href":"https:\/\/alessandra.hr\/index.php\/wp-json\/wp\/v2\/media?parent=537"}],"wp:term":[{"taxonomy":"product_brand","embeddable":true,"href":"https:\/\/alessandra.hr\/index.php\/wp-json\/wp\/v2\/product_brand?post=537"},{"taxonomy":"product_cat","embeddable":true,"href":"https:\/\/alessandra.hr\/index.php\/wp-json\/wp\/v2\/product_cat?post=537"},{"taxonomy":"product_tag","embeddable":true,"href":"https:\/\/alessandra.hr\/index.php\/wp-json\/wp\/v2\/product_tag?post=537"}],"curies":[{"name":"wp","href":"https:\/\/api.w.org\/{rel}","templated":true}]}}