{"id":533,"date":"2025-05-12T14:08:51","date_gmt":"2025-05-12T13:08:51","guid":{"rendered":"https:\/\/alessandra.hr\/?post_type=product&#038;p=533"},"modified":"2025-05-12T14:08:51","modified_gmt":"2025-05-12T13:08:51","slug":"alhambra-salica","status":"publish","type":"product","link":"https:\/\/alessandra.hr\/index.php\/proizvod\/alhambra-salica\/","title":{"rendered":"Alhambra \u0161alica"},"content":{"rendered":"<p>Fino ukra\u0161ena porculanska \u0161alica s tanjuri\u0107em od demitassea, ozna\u010dena s &#8220;Alhambra&#8221; na dnu, popra\u0107ena logotipom s pticom ra\u0161irenih krila. Zamr\u0161eni dizajn, koji uklju\u010duje crvene, zelene, zlatne i crne uzorke, prili\u010dno je rasko\u0161an i podsje\u0107a na maurske ili art deco utjecaje, vjerojatno inspiriran poznatom pala\u010dom Alhambra u \u0160panjolskoj.<\/p>\n<p>Ova vrsta znaka i dizajna \u010desto se povezuje s kolekcionarskim ili dekorativnim porculanom, potencijalno iz sredine 20. stolje\u0107a ili ranije.<\/p>\n","protected":false},"excerpt":{"rendered":"<p>Fino ukra\u0161ena porculanska \u0161alica s tanjuri\u0107em od demitassea, ozna\u010dena s &#8220;Alhambra&#8221; na dnu, popra\u0107ena logotipom s pticom ra\u0161irenih krila. Zamr\u0161eni dizajn, koji uklju\u010duje crvene, zelene, zlatne i crne uzorke, prili\u010dno je rasko\u0161an i podsje\u0107a na maurske ili art deco utjecaje, vjerojatno inspiriran poznatom pala\u010dom Alhambra u \u0160panjolskoj.<\/p>\n<p>Ova vrsta znaka i dizajna \u010desto se povezuje s kolekcionarskim ili dekorativnim porculanom, potencijalno iz sredine 20. stolje\u0107a ili ranije.<\/p>\n","protected":false},"featured_media":535,"template":"","meta":[],"product_brand":[],"product_cat":[39],"product_tag":[],"class_list":{"0":"post-533","1":"product","2":"type-product","3":"status-publish","4":"has-post-thumbnail","6":"product_cat-porculan","8":"first","9":"instock","10":"purchasable","11":"product-type-simple"},"jetpack_sharing_enabled":true,"_links":{"self":[{"href":"https:\/\/alessandra.hr\/index.php\/wp-json\/wp\/v2\/product\/533","targetHints":{"allow":["GET"]}}],"collection":[{"href":"https:\/\/alessandra.hr\/index.php\/wp-json\/wp\/v2\/product"}],"about":[{"href":"https:\/\/alessandra.hr\/index.php\/wp-json\/wp\/v2\/types\/product"}],"wp:featuredmedia":[{"embeddable":true,"href":"https:\/\/alessandra.hr\/index.php\/wp-json\/wp\/v2\/media\/535"}],"wp:attachment":[{"href":"https:\/\/alessandra.hr\/index.php\/wp-json\/wp\/v2\/media?parent=533"}],"wp:term":[{"taxonomy":"product_brand","embeddable":true,"href":"https:\/\/alessandra.hr\/index.php\/wp-json\/wp\/v2\/product_brand?post=533"},{"taxonomy":"product_cat","embeddable":true,"href":"https:\/\/alessandra.hr\/index.php\/wp-json\/wp\/v2\/product_cat?post=533"},{"taxonomy":"product_tag","embeddable":true,"href":"https:\/\/alessandra.hr\/index.php\/wp-json\/wp\/v2\/product_tag?post=533"}],"curies":[{"name":"wp","href":"https:\/\/api.w.org\/{rel}","templated":true}]}}