{"id":530,"date":"2025-05-12T13:58:54","date_gmt":"2025-05-12T12:58:54","guid":{"rendered":"https:\/\/alessandra.hr\/?post_type=product&#038;p=530"},"modified":"2025-05-12T13:58:54","modified_gmt":"2025-05-12T12:58:54","slug":"rosenthal-salica-za-kavu","status":"publish","type":"product","link":"https:\/\/alessandra.hr\/index.php\/proizvod\/rosenthal-salica-za-kavu\/","title":{"rendered":"Rosenthal \u0161alica za kavu"},"content":{"rendered":"<p>Rosenthal espresso-sammeltasse nr.5<\/p>\n<p>Rosenthal porculanska \u0161alica izra\u0111ena od finog Njema\u010dkog porculana,poznatog po svojoj izdrljivosti i profinjenosti.<\/p>\n<p>S precizno oblikovanim rubovima i suptilnim detaljima ,unosi dozu luksuza u svakodnevne rituale ispijanja kave ili \u010daja.<\/p>\n<p>Idealna za ljubitelje bezvremenskog dizajna i vrhunske kvalitete.<\/p>\n<p>&nbsp;<\/p>\n","protected":false},"excerpt":{"rendered":"<p>Rosenthal espresso-sammeltasse nr.5<\/p>\n<p>Rosenthal porculanska \u0161alica izra\u0111ena od finog Njema\u010dkog porculana,poznatog po svojoj izdrljivosti i profinjenosti.<\/p>\n<p>S precizno oblikovanim rubovima i suptilnim detaljima ,unosi dozu luksuza u svakodnevne rituale ispijanja kave ili \u010daja.<\/p>\n<p>Idealna za ljubitelje bezvremenskog dizajna i vrhunske kvalitete.<\/p>\n","protected":false},"featured_media":531,"template":"","meta":[],"product_brand":[],"product_cat":[39],"product_tag":[],"class_list":{"0":"post-530","1":"product","2":"type-product","3":"status-publish","4":"has-post-thumbnail","6":"product_cat-porculan","8":"first","9":"instock","10":"purchasable","11":"product-type-simple"},"jetpack_sharing_enabled":true,"_links":{"self":[{"href":"https:\/\/alessandra.hr\/index.php\/wp-json\/wp\/v2\/product\/530","targetHints":{"allow":["GET"]}}],"collection":[{"href":"https:\/\/alessandra.hr\/index.php\/wp-json\/wp\/v2\/product"}],"about":[{"href":"https:\/\/alessandra.hr\/index.php\/wp-json\/wp\/v2\/types\/product"}],"wp:featuredmedia":[{"embeddable":true,"href":"https:\/\/alessandra.hr\/index.php\/wp-json\/wp\/v2\/media\/531"}],"wp:attachment":[{"href":"https:\/\/alessandra.hr\/index.php\/wp-json\/wp\/v2\/media?parent=530"}],"wp:term":[{"taxonomy":"product_brand","embeddable":true,"href":"https:\/\/alessandra.hr\/index.php\/wp-json\/wp\/v2\/product_brand?post=530"},{"taxonomy":"product_cat","embeddable":true,"href":"https:\/\/alessandra.hr\/index.php\/wp-json\/wp\/v2\/product_cat?post=530"},{"taxonomy":"product_tag","embeddable":true,"href":"https:\/\/alessandra.hr\/index.php\/wp-json\/wp\/v2\/product_tag?post=530"}],"curies":[{"name":"wp","href":"https:\/\/api.w.org\/{rel}","templated":true}]}}