{"id":1276,"date":"2025-07-28T08:59:17","date_gmt":"2025-07-28T07:59:17","guid":{"rendered":"https:\/\/alessandra.hr\/?post_type=product&#038;p=1276"},"modified":"2025-07-28T08:59:17","modified_gmt":"2025-07-28T07:59:17","slug":"dekoracije-svijecnjaci","status":"publish","type":"product","link":"https:\/\/alessandra.hr\/index.php\/proizvod\/dekoracije-svijecnjaci\/","title":{"rendered":"Dekoracije &#8211; svije\u0107njaci"},"content":{"rendered":"<p>Nekada\u0161nji drveni kalupi za obu\u0107u, sada prekrasni svije\u0107njaci<\/p>\n","protected":false},"excerpt":{"rendered":"<p>Nekada\u0161nji drveni kalupi za obu\u0107u, sada prekrasni svije\u0107njaci<\/p>\n","protected":false},"featured_media":1277,"template":"","meta":[],"product_brand":[],"product_cat":[28],"product_tag":[],"class_list":{"0":"post-1276","1":"product","2":"type-product","3":"status-publish","4":"has-post-thumbnail","6":"product_cat-dekoracija_i_antikviteti","8":"first","9":"instock","10":"taxable","11":"shipping-taxable","12":"purchasable","13":"product-type-simple"},"jetpack_sharing_enabled":true,"_links":{"self":[{"href":"https:\/\/alessandra.hr\/index.php\/wp-json\/wp\/v2\/product\/1276","targetHints":{"allow":["GET"]}}],"collection":[{"href":"https:\/\/alessandra.hr\/index.php\/wp-json\/wp\/v2\/product"}],"about":[{"href":"https:\/\/alessandra.hr\/index.php\/wp-json\/wp\/v2\/types\/product"}],"wp:featuredmedia":[{"embeddable":true,"href":"https:\/\/alessandra.hr\/index.php\/wp-json\/wp\/v2\/media\/1277"}],"wp:attachment":[{"href":"https:\/\/alessandra.hr\/index.php\/wp-json\/wp\/v2\/media?parent=1276"}],"wp:term":[{"taxonomy":"product_brand","embeddable":true,"href":"https:\/\/alessandra.hr\/index.php\/wp-json\/wp\/v2\/product_brand?post=1276"},{"taxonomy":"product_cat","embeddable":true,"href":"https:\/\/alessandra.hr\/index.php\/wp-json\/wp\/v2\/product_cat?post=1276"},{"taxonomy":"product_tag","embeddable":true,"href":"https:\/\/alessandra.hr\/index.php\/wp-json\/wp\/v2\/product_tag?post=1276"}],"curies":[{"name":"wp","href":"https:\/\/api.w.org\/{rel}","templated":true}]}}