{"id":1166,"date":"2025-07-27T17:07:45","date_gmt":"2025-07-27T16:07:45","guid":{"rendered":"https:\/\/alessandra.hr\/?post_type=product&#038;p=1166"},"modified":"2025-07-27T17:09:14","modified_gmt":"2025-07-27T16:09:14","slug":"africki-bubnjevi-dekoracije","status":"publish","type":"product","link":"https:\/\/alessandra.hr\/index.php\/proizvod\/africki-bubnjevi-dekoracije\/","title":{"rendered":"Afri\u010dki bubnjevi &#8211; dekoracije"},"content":{"rendered":"<p>Afri\u010dki bubnjevi u 3 veli\u010dine i dezena<br \/>\nMali je 40\u20ac , srednji \u20ac60, veliki 80\u20ac<\/p>\n<p>&nbsp;<\/p>\n<p class=\"\" data-start=\"138\" data-end=\"231\"><strong data-start=\"138\" data-end=\"150\">Podrijetlo:<\/strong> Potje\u010de iz zapadne Afrike, posebno iz zemalja poput Malija, Gvineje i Senegala.<\/p>\n<p><strong data-start=\"234\" data-end=\"248\">Materijal:<\/strong> Tradicionalno izra\u0111en od jednog komada izdubljenog drveta sa \u017eivotinjskom ko\u017eom (obi\u010dno kozjom) kao membranom.<\/p>\n<p class=\"\" data-start=\"365\" data-end=\"427\"><strong data-start=\"365\" data-end=\"375\">Oblik:<\/strong> Peharast, \u0161to ga \u010dini lakim za dr\u017eanje izme\u0111u nogu.<\/p>\n<p class=\"\" data-start=\"430\" data-end=\"494\"><strong data-start=\"430\" data-end=\"439\">Zvuk:<\/strong> Mo\u017ee proizvesti \u0161irok spektar tonova \u2013 bas, ton, slap.<\/p>\n<p class=\"\" data-start=\"497\" data-end=\"590\"><strong data-start=\"497\" data-end=\"512\">Dekoracija:<\/strong> \u010cesto ukra\u0161ena rezbarijama i \u0161arenim u\u017eetom, kao \u0161to se vidi na slici.<\/p>\n","protected":false},"excerpt":{"rendered":"<p>Afri\u010dki bubnjevi u 3 veli\u010dine i dezena Mali je 40\u20ac , srednji \u20ac60, veliki 80\u20ac &nbsp; Podrijetlo: Potje\u010de iz zapadne Afrike, posebno iz zemalja poput Malija, Gvineje i Senegala. Materijal: Tradicionalno izra\u0111en od jednog komada izdubljenog drveta sa \u017eivotinjskom ko\u017eom (obi\u010dno kozjom) kao membranom. Oblik: Peharast, \u0161to ga \u010dini lakim za dr\u017eanje izme\u0111u nogu. Zvuk: [&hellip;]<\/p>\n","protected":false},"featured_media":1172,"template":"","meta":[],"product_brand":[],"product_cat":[28],"product_tag":[],"class_list":{"0":"post-1166","1":"product","2":"type-product","3":"status-publish","4":"has-post-thumbnail","6":"product_cat-dekoracija_i_antikviteti","8":"first","9":"instock","10":"taxable","11":"shipping-taxable","12":"purchasable","13":"product-type-simple"},"jetpack_sharing_enabled":true,"_links":{"self":[{"href":"https:\/\/alessandra.hr\/index.php\/wp-json\/wp\/v2\/product\/1166","targetHints":{"allow":["GET"]}}],"collection":[{"href":"https:\/\/alessandra.hr\/index.php\/wp-json\/wp\/v2\/product"}],"about":[{"href":"https:\/\/alessandra.hr\/index.php\/wp-json\/wp\/v2\/types\/product"}],"wp:featuredmedia":[{"embeddable":true,"href":"https:\/\/alessandra.hr\/index.php\/wp-json\/wp\/v2\/media\/1172"}],"wp:attachment":[{"href":"https:\/\/alessandra.hr\/index.php\/wp-json\/wp\/v2\/media?parent=1166"}],"wp:term":[{"taxonomy":"product_brand","embeddable":true,"href":"https:\/\/alessandra.hr\/index.php\/wp-json\/wp\/v2\/product_brand?post=1166"},{"taxonomy":"product_cat","embeddable":true,"href":"https:\/\/alessandra.hr\/index.php\/wp-json\/wp\/v2\/product_cat?post=1166"},{"taxonomy":"product_tag","embeddable":true,"href":"https:\/\/alessandra.hr\/index.php\/wp-json\/wp\/v2\/product_tag?post=1166"}],"curies":[{"name":"wp","href":"https:\/\/api.w.org\/{rel}","templated":true}]}}