{"id":1118,"date":"2025-07-27T16:50:39","date_gmt":"2025-07-27T15:50:39","guid":{"rendered":"https:\/\/alessandra.hr\/?post_type=product&#038;p=1118"},"modified":"2025-07-27T16:50:39","modified_gmt":"2025-07-27T15:50:39","slug":"anticka-drvena-korpa","status":"publish","type":"product","link":"https:\/\/alessandra.hr\/index.php\/proizvod\/anticka-drvena-korpa\/","title":{"rendered":"Anti\u010dka drvena korpa"},"content":{"rendered":"<p>Anti\u010dka kineska drvena korpa za ri\u017eu iz 19 do 20. Stolje\u0107a , kori\u0161tena za prijevoz i skladi\u0161tenje ri\u017ee i ostalih \u017eitarica .<br \/>\nDanas se koristi kao dekoracija<\/p>\n","protected":false},"excerpt":{"rendered":"<p>Anti\u010dka kineska drvena korpa za ri\u017eu iz 19 do 20. Stolje\u0107a , kori\u0161tena za prijevoz i skladi\u0161tenje ri\u017ee i ostalih \u017eitarica . Danas se koristi kao dekoracija<\/p>\n","protected":false},"featured_media":1119,"template":"","meta":[],"product_brand":[],"product_cat":[28],"product_tag":[],"class_list":{"0":"post-1118","1":"product","2":"type-product","3":"status-publish","4":"has-post-thumbnail","6":"product_cat-dekoracija_i_antikviteti","8":"first","9":"instock","10":"taxable","11":"shipping-taxable","12":"purchasable","13":"product-type-simple"},"jetpack_sharing_enabled":true,"_links":{"self":[{"href":"https:\/\/alessandra.hr\/index.php\/wp-json\/wp\/v2\/product\/1118","targetHints":{"allow":["GET"]}}],"collection":[{"href":"https:\/\/alessandra.hr\/index.php\/wp-json\/wp\/v2\/product"}],"about":[{"href":"https:\/\/alessandra.hr\/index.php\/wp-json\/wp\/v2\/types\/product"}],"wp:featuredmedia":[{"embeddable":true,"href":"https:\/\/alessandra.hr\/index.php\/wp-json\/wp\/v2\/media\/1119"}],"wp:attachment":[{"href":"https:\/\/alessandra.hr\/index.php\/wp-json\/wp\/v2\/media?parent=1118"}],"wp:term":[{"taxonomy":"product_brand","embeddable":true,"href":"https:\/\/alessandra.hr\/index.php\/wp-json\/wp\/v2\/product_brand?post=1118"},{"taxonomy":"product_cat","embeddable":true,"href":"https:\/\/alessandra.hr\/index.php\/wp-json\/wp\/v2\/product_cat?post=1118"},{"taxonomy":"product_tag","embeddable":true,"href":"https:\/\/alessandra.hr\/index.php\/wp-json\/wp\/v2\/product_tag?post=1118"}],"curies":[{"name":"wp","href":"https:\/\/api.w.org\/{rel}","templated":true}]}}