{"id":1042,"date":"2025-07-26T10:17:21","date_gmt":"2025-07-26T09:17:21","guid":{"rendered":"https:\/\/alessandra.hr\/?post_type=product&#038;p=1042"},"modified":"2025-07-26T10:18:00","modified_gmt":"2025-07-26T09:18:00","slug":"vrtni-namjestaj","status":"publish","type":"product","link":"https:\/\/alessandra.hr\/index.php\/proizvod\/vrtni-namjestaj\/","title":{"rendered":"Vrtni namje\u0161taj"},"content":{"rendered":"<p>Dvije fotelje bez o\u0161te\u0107enja.<br \/>\n\u0160irina gornjeg dijela 83cm<br \/>\nVisina fotelje 98cm<br \/>\nJedna 50\u20ac<\/p>\n","protected":false},"excerpt":{"rendered":"<p>Dvije fotelje bez o\u0161te\u0107enja. \u0160irina gornjeg dijela 83cm Visina fotelje 98cm Jedna 50\u20ac<\/p>\n","protected":false},"featured_media":1043,"template":"","meta":[],"product_brand":[],"product_cat":[30],"product_tag":[],"class_list":{"0":"post-1042","1":"product","2":"type-product","3":"status-publish","4":"has-post-thumbnail","6":"product_cat-namjestaj","8":"first","9":"instock","10":"taxable","11":"shipping-taxable","12":"purchasable","13":"product-type-simple"},"jetpack_sharing_enabled":true,"_links":{"self":[{"href":"https:\/\/alessandra.hr\/index.php\/wp-json\/wp\/v2\/product\/1042","targetHints":{"allow":["GET"]}}],"collection":[{"href":"https:\/\/alessandra.hr\/index.php\/wp-json\/wp\/v2\/product"}],"about":[{"href":"https:\/\/alessandra.hr\/index.php\/wp-json\/wp\/v2\/types\/product"}],"wp:featuredmedia":[{"embeddable":true,"href":"https:\/\/alessandra.hr\/index.php\/wp-json\/wp\/v2\/media\/1043"}],"wp:attachment":[{"href":"https:\/\/alessandra.hr\/index.php\/wp-json\/wp\/v2\/media?parent=1042"}],"wp:term":[{"taxonomy":"product_brand","embeddable":true,"href":"https:\/\/alessandra.hr\/index.php\/wp-json\/wp\/v2\/product_brand?post=1042"},{"taxonomy":"product_cat","embeddable":true,"href":"https:\/\/alessandra.hr\/index.php\/wp-json\/wp\/v2\/product_cat?post=1042"},{"taxonomy":"product_tag","embeddable":true,"href":"https:\/\/alessandra.hr\/index.php\/wp-json\/wp\/v2\/product_tag?post=1042"}],"curies":[{"name":"wp","href":"https:\/\/api.w.org\/{rel}","templated":true}]}}