{"id":1405,"date":"2025-09-24T10:40:20","date_gmt":"2025-09-24T09:40:20","guid":{"rendered":"https:\/\/alessandra.hr\/?page_id=1405"},"modified":"2025-09-24T13:01:44","modified_gmt":"2025-09-24T12:01:44","slug":"o-meni","status":"publish","type":"page","link":"https:\/\/alessandra.hr\/index.php\/o-meni\/","title":{"rendered":"O meni"},"content":{"rendered":"\t\t<div data-elementor-type=\"wp-page\" data-elementor-id=\"1405\" class=\"elementor elementor-1405\" data-elementor-post-type=\"page\">\n\t\t\t\t<div class=\"elementor-element elementor-element-5dd263d e-flex e-con-boxed e-con e-parent\" data-id=\"5dd263d\" data-element_type=\"container\" data-settings=\"{&quot;background_background&quot;:&quot;classic&quot;}\">\n\t\t\t\t\t<div class=\"e-con-inner\">\n\t\t<div class=\"elementor-element elementor-element-295e00f e-con-full e-flex e-con e-child\" data-id=\"295e00f\" data-element_type=\"container\">\n\t\t\t\t<div class=\"elementor-element elementor-element-ba64aed elementor-widget elementor-widget-text-editor\" data-id=\"ba64aed\" data-element_type=\"widget\" data-widget_type=\"text-editor.default\">\n\t\t\t\t<div class=\"elementor-widget-container\">\n\t\t\t\t\t\t\t\t\t<p><em>&#8220;Od malih nogu bila sam&nbsp;<br><\/em><em>zaljubljena u lijepe&nbsp;<\/em><em>stvari &#8211; detalje, predmete&nbsp;<br><\/em><em>i ambijent koji unose<br><\/em><em>radost i posebnu atmosferu u prostor.&#8221;<\/em><\/p>\n<p><em>&#8220;Moja strast&nbsp;<\/em><em>prema estetici odvela<br><\/em><em>&nbsp;me u Njema\u010dku, gdje sam<br><\/em><em>odrasla i zavr\u0161ila \u0161kolu za dizajnera.&#8221;<\/em><\/p>\n<p><em>&#8220;Upravo tamo<br><\/em><em>sam stekla znanje <br>i iskustvo o oblikovanju, stilu <br><\/em><em>va\u017enosti da svaki predmet ima svoju pri\u010du.&#8221;<\/em><\/p>\t\t\t\t\t\t\t\t<\/div>\n\t\t\t\t<\/div>\n\t\t\t\t<\/div>\n\t\t<div class=\"elementor-element elementor-element-5455b24 e-con-full e-flex e-con e-child\" data-id=\"5455b24\" data-element_type=\"container\">\n\t\t\t\t<div class=\"elementor-element elementor-element-209bdee elementor-widget elementor-widget-image\" data-id=\"209bdee\" data-element_type=\"widget\" data-widget_type=\"image.default\">\n\t\t\t\t<div class=\"elementor-widget-container\">\n\t\t\t\t\t\t\t\t\t\t\t\t\t\t\t<img fetchpriority=\"high\" decoding=\"async\" width=\"544\" height=\"690\" src=\"https:\/\/alessandra.hr\/wp-content\/uploads\/2025\/07\/bicikl-sank-slika-248525793.jpg\" class=\"attachment-large size-large wp-image-1088\" alt=\"\" srcset=\"https:\/\/alessandra.hr\/wp-content\/uploads\/2025\/07\/bicikl-sank-slika-248525793.jpg 544w, https:\/\/alessandra.hr\/wp-content\/uploads\/2025\/07\/bicikl-sank-slika-248525793-237x300.jpg 237w\" sizes=\"(max-width: 544px) 100vw, 544px\" \/>\t\t\t\t\t\t\t\t\t\t\t\t\t\t\t<\/div>\n\t\t\t\t<\/div>\n\t\t\t\t<\/div>\n\t\t<div class=\"elementor-element elementor-element-f2482d1 e-con-full e-flex e-con e-child\" data-id=\"f2482d1\" data-element_type=\"container\">\n\t\t\t\t<div class=\"elementor-element elementor-element-9912b46 elementor-widget elementor-widget-image\" data-id=\"9912b46\" data-element_type=\"widget\" data-widget_type=\"image.default\">\n\t\t\t\t<div class=\"elementor-widget-container\">\n\t\t\t\t\t\t\t\t\t\t\t\t\t\t\t<img decoding=\"async\" width=\"517\" height=\"690\" src=\"https:\/\/alessandra.hr\/wp-content\/uploads\/2025\/07\/komoda-slika-253608521.jpg\" class=\"attachment-large size-large wp-image-1122\" alt=\"\" srcset=\"https:\/\/alessandra.hr\/wp-content\/uploads\/2025\/07\/komoda-slika-253608521.jpg 517w, https:\/\/alessandra.hr\/wp-content\/uploads\/2025\/07\/komoda-slika-253608521-225x300.jpg 225w\" sizes=\"(max-width: 517px) 100vw, 517px\" \/>\t\t\t\t\t\t\t\t\t\t\t\t\t\t\t<\/div>\n\t\t\t\t<\/div>\n\t\t\t\t<\/div>\n\t\t<div class=\"elementor-element elementor-element-e018d88 e-con-full e-flex e-con e-child\" data-id=\"e018d88\" data-element_type=\"container\">\n\t\t\t\t<div class=\"elementor-element elementor-element-f411a2b elementor-widget elementor-widget-text-editor\" data-id=\"f411a2b\" data-element_type=\"widget\" data-widget_type=\"text-editor.default\">\n\t\t\t\t<div class=\"elementor-widget-container\">\n\t\t\t\t\t\t\t\t\t<p><em>\u00a0<\/em><\/p><p><em>&#8220;Na tom putu veliku podr\u0161ku pru\u017eao mi je moj mu\u017e,<\/em><br \/><em>koji je vjerovao u mene i moju viziju.&#8221;<\/em><\/p><p><em>&#8220;Zahvaljuju\u0107i\u00a0njemu, <\/em><br \/><em>moj dugogodi\u0161nji san se ostvario &#8211; on<\/em><br \/><em>je otvorio trgovinu Alessandra u Slavonskom\u00a0Brodu<\/em><br \/><em>\u00a0i time mi omogu\u0107io\u00a0da svoju ljubav prema\u00a0<\/em><br \/><em>antikvitetima, vintage namje\u0161taju, dekoraciji, te<\/em><br \/><em>posebnim elektri\u010dnim predmetima podijelim s\u00a0drugima.&#8221;<\/em><\/p><div>\u00a0<\/div><div><div><em>&#8220;Svaki komad u trgovini pa\u017eljivo je odabran i donosi<\/em><\/div><div><em>sa sobom dio povijesti i jedinstvenog \u0161arma.<\/em><br \/><em>Moj cilj je da svatko tko posjeti trgovinu Alessandra<\/em><\/div><div><em>prona\u0111e ne\u0161to \u0161to \u0107e ga inspirirati i obogatiti<\/em><\/div><div><em>njegov dom.&#8221;<\/em><\/div><div>\u00a0<\/div><\/div>\t\t\t\t\t\t\t\t<\/div>\n\t\t\t\t<\/div>\n\t\t\t\t<\/div>\n\t\t\t\t\t<\/div>\n\t\t\t\t<\/div>\n\t\t\t\t<\/div>\n\t\t","protected":false},"excerpt":{"rendered":"<p>&#8220;Od malih nogu bila sam&nbsp;zaljubljena u lijepe&nbsp;stvari &#8211; detalje, predmete&nbsp;i ambijent koji unoseradost i posebnu atmosferu u prostor.&#8221; &#8220;Moja strast&nbsp;prema estetici odvela&nbsp;me u Njema\u010dku, gdje samodrasla i zavr\u0161ila \u0161kolu za dizajnera.&#8221; &#8220;Upravo tamosam stekla znanje i iskustvo o oblikovanju, stilu va\u017enosti da svaki predmet ima svoju pri\u010du.&#8221; \u00a0 &#8220;Na tom putu veliku podr\u0161ku pru\u017eao mi [&hellip;]<\/p>\n","protected":false},"author":1,"featured_media":0,"parent":0,"menu_order":0,"comment_status":"closed","ping_status":"closed","template":"","meta":{"footnotes":""},"class_list":["post-1405","page","type-page","status-publish","hentry"],"jetpack_sharing_enabled":true,"_links":{"self":[{"href":"https:\/\/alessandra.hr\/index.php\/wp-json\/wp\/v2\/pages\/1405","targetHints":{"allow":["GET"]}}],"collection":[{"href":"https:\/\/alessandra.hr\/index.php\/wp-json\/wp\/v2\/pages"}],"about":[{"href":"https:\/\/alessandra.hr\/index.php\/wp-json\/wp\/v2\/types\/page"}],"author":[{"embeddable":true,"href":"https:\/\/alessandra.hr\/index.php\/wp-json\/wp\/v2\/users\/1"}],"replies":[{"embeddable":true,"href":"https:\/\/alessandra.hr\/index.php\/wp-json\/wp\/v2\/comments?post=1405"}],"version-history":[{"count":39,"href":"https:\/\/alessandra.hr\/index.php\/wp-json\/wp\/v2\/pages\/1405\/revisions"}],"predecessor-version":[{"id":1464,"href":"https:\/\/alessandra.hr\/index.php\/wp-json\/wp\/v2\/pages\/1405\/revisions\/1464"}],"wp:attachment":[{"href":"https:\/\/alessandra.hr\/index.php\/wp-json\/wp\/v2\/media?parent=1405"}],"curies":[{"name":"wp","href":"https:\/\/api.w.org\/{rel}","templated":true}]}}